{"id":164,"date":"2013-09-25T11:02:55","date_gmt":"2013-09-25T09:02:55","guid":{"rendered":"http:\/\/wl-teutschenthal.de\/wordpress\/?page_id=164"},"modified":"2013-09-25T11:02:55","modified_gmt":"2013-09-25T09:02:55","slug":"m10","status":"publish","type":"page","link":"https:\/\/www.alexander-winterstein.de\/wurflauf\/wettkampfe\/vereinsrekorde\/m10\/","title":{"rendered":"M10"},"content":{"rendered":"<table cellspacing=\"0\" cellpadding=\"7\">\n<tbody>\n<tr>\n<td width=\"122\" height=\"17\">\n<h4>DISZ<\/h4>\n<\/td>\n<td width=\"106\">\n<h4>NAME<\/h4>\n<\/td>\n<td width=\"103\">\n<h4>LEISTUNG<\/h4>\n<\/td>\n<td width=\"118\">\n<h4>ORT<\/h4>\n<\/td>\n<td width=\"99\">\n<h4>DATUM<\/h4>\n<\/td>\n<\/tr>\n<tr>\n<td width=\"122\" height=\"17\">50 m<\/td>\n<td width=\"106\">Herold,G<\/td>\n<td width=\"103\">7,4 s<\/td>\n<td width=\"118\">Wolfen<\/td>\n<td align=\"right\" width=\"99\">30.09.1995<\/td>\n<\/tr>\n<tr>\n<td width=\"122\" height=\"68\">4 x 50 m<\/td>\n<td width=\"106\">Richter,&nbsp;&nbsp;&nbsp;&nbsp;&nbsp;&nbsp;&nbsp;&nbsp; Markgraf,&nbsp;&nbsp;&nbsp;&nbsp;&nbsp; Sch\u00f6nemann Mei\u00dfner<\/td>\n<td width=\"103\">31,16s<\/td>\n<td width=\"118\">Halle<\/td>\n<td align=\"right\" width=\"99\">05.07.2008<\/td>\n<\/tr>\n<tr>\n<td width=\"122\" height=\"17\">600 m<\/td>\n<td width=\"106\">Meintschel,P<\/td>\n<td width=\"103\">2:20 min<\/td>\n<td width=\"118\">Halle<\/td>\n<td align=\"right\" width=\"99\">20.10.2001<\/td>\n<\/tr>\n<tr>\n<td width=\"122\" height=\"17\">800 m<\/td>\n<td width=\"106\">Lakomy, Harki<\/td>\n<td width=\"103\">2:37,28 min<\/td>\n<td width=\"118\">Dessau-Ro\u00dflau<\/td>\n<td align=\"right\" width=\"99\">06.09.2020<\/td>\n<\/tr>\n<tr>\n<td width=\"122\" height=\"17\">1000 m<\/td>\n<td width=\"106\">Herold,G<\/td>\n<td width=\"103\">3: 24,0 min<\/td>\n<td width=\"118\">Sandersdorf<\/td>\n<td align=\"right\" width=\"99\">17.06.1995<\/td>\n<\/tr>\n<tr>\n<td width=\"122\" height=\"51\">3&#215;1000 m<\/td>\n<td width=\"106\">Hoffmann, Markgraf, Mei\u00dfner<\/td>\n<td width=\"103\">11:12,55 min<\/td>\n<td width=\"118\">Halle<\/td>\n<td align=\"right\" width=\"99\">27.04.2008<\/td>\n<\/tr>\n<tr>\n<td width=\"122\" height=\"17\">1000m Gehen<\/td>\n<td width=\"106\">Sch\u00f6del,G<\/td>\n<td width=\"103\">7:25,46min<\/td>\n<td width=\"118\">Halle<\/td>\n<td align=\"right\" width=\"99\">28.05.2011<\/td>\n<\/tr>\n<tr>\n<td width=\"122\" height=\"34\">3Km Str.<\/td>\n<td width=\"106\">Wenzel,M<\/td>\n<td width=\"103\">13:11min<\/td>\n<td width=\"118\">Bad Schmiedeberg<\/td>\n<td align=\"right\" width=\"99\">16.04.2011<\/td>\n<\/tr>\n<tr>\n<td width=\"122\" height=\"17\">Ball<\/td>\n<td width=\"106\">Voigt,E<\/td>\n<td width=\"103\">53,18 m<\/td>\n<td width=\"118\">Halle<\/td>\n<td align=\"right\" width=\"99\">05.07.2008<\/td>\n<\/tr>\n<tr>\n<td width=\"122\" height=\"17\">Dreikampf<\/td>\n<td width=\"106\">Lakomy, Harki<\/td>\n<td width=\"103\">1.117 Pkt.<\/td>\n<td width=\"118\">Dessau-Ro\u00dflau<\/td>\n<td align=\"right\" width=\"99\">06.09.2020<\/td>\n<\/tr>\n<tr>\n<td>F\u00fcnfkampf<\/td>\n<td>Lakomy, Harki<\/td>\n<td>1.847 Pkt.<\/td>\n<td>Schkeuditz<\/td>\n<td>19.09.2020<\/td>\n<\/tr>\n<tr>\n<td width=\"122\" height=\"17\">Hoch<\/td>\n<td width=\"106\">Korte,V.<\/td>\n<td width=\"103\">1,30 m<\/td>\n<td width=\"118\">Leuna<\/td>\n<td align=\"right\" width=\"99\">15.07.2012<\/td>\n<\/tr>\n<tr>\n<td width=\"122\" height=\"17\">Weit<\/td>\n<td width=\"106\">Lakomy, Harki<\/td>\n<td width=\"103\">4,28 m<\/td>\n<td width=\"118\">Dessau-Ro\u00dflau<\/td>\n<td align=\"right\" width=\"99\">06.09.2020<\/td>\n<\/tr>\n<\/tbody>\n<\/table>\n<p>&nbsp;<\/p>\n","protected":false},"excerpt":{"rendered":"<p>DISZ NAME LEISTUNG ORT DATUM 50 m Herold,G 7,4 s Wolfen 30.09.1995 4 x 50 m Richter,&nbsp;&nbsp;&nbsp;&nbsp;&nbsp;&nbsp;&nbsp;&nbsp; Markgraf,&nbsp;&nbsp;&nbsp;&nbsp;&nbsp; Sch\u00f6nemann Mei\u00dfner 31,16s Halle 05.07.2008 600 m Meintschel,P 2:20 min Halle 20.10.2001 800 m Lakomy, Harki 2:37,28 min Dessau-Ro\u00dflau 06.09.2020 1000 m Herold,G 3: 24,0 min Sandersdorf 17.06.1995 3&#215;1000 m Hoffmann, Markgraf, Mei\u00dfner 11:12,55 min Halle 27.04.2008 [&hellip;]<\/p>\n","protected":false},"author":1,"featured_media":0,"parent":125,"menu_order":0,"comment_status":"open","ping_status":"open","template":"","meta":{"ngg_post_thumbnail":0,"footnotes":""},"class_list":["post-164","page","type-page","status-publish","hentry"],"_links":{"self":[{"href":"https:\/\/www.alexander-winterstein.de\/wurflauf\/wp-json\/wp\/v2\/pages\/164","targetHints":{"allow":["GET"]}}],"collection":[{"href":"https:\/\/www.alexander-winterstein.de\/wurflauf\/wp-json\/wp\/v2\/pages"}],"about":[{"href":"https:\/\/www.alexander-winterstein.de\/wurflauf\/wp-json\/wp\/v2\/types\/page"}],"author":[{"embeddable":true,"href":"https:\/\/www.alexander-winterstein.de\/wurflauf\/wp-json\/wp\/v2\/users\/1"}],"replies":[{"embeddable":true,"href":"https:\/\/www.alexander-winterstein.de\/wurflauf\/wp-json\/wp\/v2\/comments?post=164"}],"version-history":[{"count":0,"href":"https:\/\/www.alexander-winterstein.de\/wurflauf\/wp-json\/wp\/v2\/pages\/164\/revisions"}],"up":[{"embeddable":true,"href":"https:\/\/www.alexander-winterstein.de\/wurflauf\/wp-json\/wp\/v2\/pages\/125"}],"wp:attachment":[{"href":"https:\/\/www.alexander-winterstein.de\/wurflauf\/wp-json\/wp\/v2\/media?parent=164"}],"curies":[{"name":"wp","href":"https:\/\/api.w.org\/{rel}","templated":true}]}}