{"id":169,"date":"2013-09-25T11:10:36","date_gmt":"2013-09-25T09:10:36","guid":{"rendered":"http:\/\/wl-teutschenthal.de\/wordpress\/?page_id=169"},"modified":"2013-09-25T11:10:36","modified_gmt":"2013-09-25T09:10:36","slug":"w12","status":"publish","type":"page","link":"https:\/\/www.alexander-winterstein.de\/wurflauf\/wettkampfe\/vereinsrekorde\/w12\/","title":{"rendered":"W12"},"content":{"rendered":"<table cellspacing=\"0\" cellpadding=\"7\">\n<tbody>\n<tr>\n<td width=\"80\" height=\"20\">\n<h4>Disziplin<\/h4>\n<\/td>\n<td width=\"131\">\n<h4>Name<\/h4>\n<\/td>\n<td width=\"80\">\n<h4>Leistung<\/h4>\n<\/td>\n<td width=\"85\">\n<h4>Ort<\/h4>\n<\/td>\n<td width=\"80\">\n<h4>Datum<\/h4>\n<\/td>\n<\/tr>\n<tr>\n<td width=\"80\" height=\"20\">50 m<\/td>\n<td width=\"131\">Voigt,K.<\/td>\n<td width=\"80\">7,0 s<\/td>\n<td width=\"85\">Wolfen<\/td>\n<td align=\"right\" width=\"80\">30.09.1995<\/td>\n<\/tr>\n<tr>\n<td width=\"80\" height=\"69\">4 x 50 m<\/td>\n<td width=\"131\">B\u00f6tsch, Moebius, Weichel, M\u00fcller<\/td>\n<td width=\"80\">30,6 s<\/td>\n<td width=\"85\">Halle<\/td>\n<td align=\"right\" width=\"80\">26.06.1994<\/td>\n<\/tr>\n<tr>\n<td width=\"80\" height=\"35\">60 m H\u00fcrden<\/td>\n<td width=\"131\">Hammerschnmidt,S<\/td>\n<td width=\"80\">11,30 s<\/td>\n<td width=\"85\">Halle<\/td>\n<td align=\"right\" width=\"80\">24.06.2007<\/td>\n<\/tr>\n<tr>\n<td width=\"80\" height=\"20\">75 m<\/td>\n<td width=\"131\">von Rhein, Luciane<\/td>\n<td width=\"80\">10,57 s<\/td>\n<td width=\"85\">Dessau-Ro\u00dflau<\/td>\n<td align=\"right\" width=\"80\">18.07.2021<\/td>\n<\/tr>\n<tr>\n<td width=\"80\" height=\"69\">4x 75 m<\/td>\n<td width=\"131\">Sawall, Leifheit, Hammerschmidt, Ro\u00dfius<\/td>\n<td width=\"80\">42,97 s<\/td>\n<td width=\"85\">Halle<\/td>\n<td align=\"right\" width=\"80\">17.06.2007<\/td>\n<\/tr>\n<tr>\n<td width=\"80\" height=\"35\">800 m<\/td>\n<td width=\"131\">Richter,L<\/td>\n<td width=\"80\">2:28,56 min<\/td>\n<td width=\"85\">Dessau<\/td>\n<td align=\"right\" width=\"80\">29.06.2008<\/td>\n<\/tr>\n<tr>\n<td width=\"80\" height=\"52\">3 x 800 m<\/td>\n<td width=\"131\">Leifheit, Ro\u00dfius, Wiegandt<\/td>\n<td width=\"80\">8:13:37 min<\/td>\n<td width=\"85\">Sch\u00f6nebeck<\/td>\n<td align=\"right\" width=\"80\">13.05.2007<\/td>\n<\/tr>\n<tr>\n<td width=\"80\" height=\"35\">2000 m<\/td>\n<td width=\"131\">Erbert,L<\/td>\n<td width=\"80\">7:32,96 min<\/td>\n<td width=\"85\">Halle<\/td>\n<td align=\"right\" width=\"80\">05.07.2008<\/td>\n<\/tr>\n<tr>\n<td width=\"80\" height=\"20\">3 km<\/td>\n<td width=\"131\">Wiegandt,E<\/td>\n<td width=\"80\">11:49 min<\/td>\n<td width=\"85\">Magdeburg<\/td>\n<td align=\"right\" width=\"80\">15.04.2007<\/td>\n<\/tr>\n<tr>\n<td width=\"80\" height=\"20\">5 km<\/td>\n<td width=\"131\">Erbert,L<\/td>\n<td width=\"80\">22:47 min<\/td>\n<td width=\"85\">Berlin<\/td>\n<td align=\"right\" width=\"80\">07.12.2008<\/td>\n<\/tr>\n<tr>\n<td width=\"80\" height=\"35\">Ball<\/td>\n<td width=\"131\">Dettke,D<\/td>\n<td width=\"80\">40,90 m (80g)<\/td>\n<td width=\"85\">Halle<\/td>\n<td align=\"right\" width=\"80\">29.06.2000<\/td>\n<\/tr>\n<tr>\n<td width=\"80\" height=\"35\">Block\/Lauf<\/td>\n<td width=\"131\">Richter,L<\/td>\n<td width=\"80\">2.125 Punkte<\/td>\n<td width=\"85\">Sch\u00f6nebeck<\/td>\n<td align=\"right\" width=\"80\">15.06.2008<\/td>\n<\/tr>\n<tr>\n<td width=\"80\" height=\"20\">Diskus<\/td>\n<td width=\"131\">Ziege,K<\/td>\n<td width=\"80\">28,50 m<\/td>\n<td width=\"85\">Halle<\/td>\n<td align=\"right\" width=\"80\">23.08.1996<\/td>\n<\/tr>\n<tr>\n<td width=\"80\" height=\"35\">Dreikampf<\/td>\n<td width=\"131\">Spengler, E.<\/td>\n<td width=\"80\">1379 Punkte<\/td>\n<td width=\"85\">Halle<\/td>\n<td align=\"right\" width=\"80\">29.09.2013<\/td>\n<\/tr>\n<tr>\n<td width=\"80\" height=\"35\">Vierkampf<\/td>\n<td width=\"131\">Spengler, E.<\/td>\n<td width=\"80\">1842 Punkte<\/td>\n<td width=\"85\">Halle<\/td>\n<td align=\"right\" width=\"80\">29.09.2013<\/td>\n<\/tr>\n<tr>\n<td width=\"80\" height=\"35\">Hammer&nbsp;&nbsp;&nbsp;&nbsp; (3 Kg)<\/td>\n<td width=\"131\">Apel,V.<\/td>\n<td width=\"80\">28,31m<\/td>\n<td width=\"85\">Sch\u00f6nebeck<\/td>\n<td align=\"right\" width=\"80\">09.07.2005<\/td>\n<\/tr>\n<tr>\n<td width=\"80\" height=\"35\">Hammer&nbsp; (2 Kg)<\/td>\n<td width=\"131\">Sonderhoff, Jette<\/td>\n<td width=\"80\">37,30 m<\/td>\n<td width=\"85\">&nbsp;Teutschenthal<\/td>\n<td align=\"right\" width=\"80\">03.10.2017&nbsp;<\/td>\n<\/tr>\n<tr>\n<td width=\"80\" height=\"20\">Hoch<\/td>\n<td width=\"131\">von Rhein, Luciane<\/td>\n<td width=\"80\">1,46 m<\/td>\n<td width=\"85\">Markkleeberg<\/td>\n<td align=\"right\" width=\"80\">18.09.2021<\/td>\n<\/tr>\n<tr>\n<td width=\"80\" height=\"20\">Kugel<\/td>\n<td width=\"131\">Dettke,D<\/td>\n<td width=\"80\">9,23 m<\/td>\n<td width=\"85\">Eisleben<\/td>\n<td align=\"right\" width=\"80\">24.09.2000<\/td>\n<\/tr>\n<tr>\n<td width=\"80\" height=\"20\">Speer<\/td>\n<td width=\"131\">Lehmann,S<\/td>\n<td width=\"80\">27,76 m<\/td>\n<td width=\"85\">Halle<\/td>\n<td align=\"right\" width=\"80\">10.07.1993<\/td>\n<\/tr>\n<tr>\n<td width=\"80\" height=\"20\">Weit<\/td>\n<td width=\"131\">Spengler, E.<\/td>\n<td width=\"80\">4,67 m<\/td>\n<td width=\"85\">Sangerhausen<\/td>\n<td align=\"right\" width=\"80\">15.06.2013<\/td>\n<\/tr>\n<\/tbody>\n<\/table>\n","protected":false},"excerpt":{"rendered":"<p>Disziplin Name Leistung Ort Datum 50 m Voigt,K. 7,0 s Wolfen 30.09.1995 4 x 50 m B\u00f6tsch, Moebius, Weichel, M\u00fcller 30,6 s Halle 26.06.1994 60 m H\u00fcrden Hammerschnmidt,S 11,30 s Halle 24.06.2007 75 m von Rhein, Luciane 10,57 s Dessau-Ro\u00dflau 18.07.2021 4x 75 m Sawall, Leifheit, Hammerschmidt, Ro\u00dfius 42,97 s Halle 17.06.2007 800 m Richter,L [&hellip;]<\/p>\n","protected":false},"author":1,"featured_media":0,"parent":125,"menu_order":0,"comment_status":"open","ping_status":"open","template":"","meta":{"ngg_post_thumbnail":0,"footnotes":""},"class_list":["post-169","page","type-page","status-publish","hentry"],"_links":{"self":[{"href":"https:\/\/www.alexander-winterstein.de\/wurflauf\/wp-json\/wp\/v2\/pages\/169","targetHints":{"allow":["GET"]}}],"collection":[{"href":"https:\/\/www.alexander-winterstein.de\/wurflauf\/wp-json\/wp\/v2\/pages"}],"about":[{"href":"https:\/\/www.alexander-winterstein.de\/wurflauf\/wp-json\/wp\/v2\/types\/page"}],"author":[{"embeddable":true,"href":"https:\/\/www.alexander-winterstein.de\/wurflauf\/wp-json\/wp\/v2\/users\/1"}],"replies":[{"embeddable":true,"href":"https:\/\/www.alexander-winterstein.de\/wurflauf\/wp-json\/wp\/v2\/comments?post=169"}],"version-history":[{"count":0,"href":"https:\/\/www.alexander-winterstein.de\/wurflauf\/wp-json\/wp\/v2\/pages\/169\/revisions"}],"up":[{"embeddable":true,"href":"https:\/\/www.alexander-winterstein.de\/wurflauf\/wp-json\/wp\/v2\/pages\/125"}],"wp:attachment":[{"href":"https:\/\/www.alexander-winterstein.de\/wurflauf\/wp-json\/wp\/v2\/media?parent=169"}],"curies":[{"name":"wp","href":"https:\/\/api.w.org\/{rel}","templated":true}]}}