{"id":170,"date":"2013-09-25T11:11:19","date_gmt":"2013-09-25T09:11:19","guid":{"rendered":"http:\/\/wl-teutschenthal.de\/wordpress\/?page_id=170"},"modified":"2013-09-25T11:11:19","modified_gmt":"2013-09-25T09:11:19","slug":"m13","status":"publish","type":"page","link":"https:\/\/www.alexander-winterstein.de\/wurflauf\/wettkampfe\/vereinsrekorde\/m13\/","title":{"rendered":"M13"},"content":{"rendered":"<table cellspacing=\"0\" cellpadding=\"7\">\n<tbody>\n<tr>\n<td width=\"76\" height=\"17\">\n<h4>Disziplin<\/h4>\n<\/td>\n<td width=\"86\">\n<h4>Name<\/h4>\n<\/td>\n<td width=\"71\">\n<h4>Leistung<\/h4>\n<\/td>\n<td width=\"75\">\n<h4>Ort<\/h4>\n<\/td>\n<td width=\"61\">\n<h4>Datum<\/h4>\n<\/td>\n<\/tr>\n<tr>\n<td width=\"76\" height=\"17\">50 m<\/td>\n<td width=\"86\">Helbig,K<\/td>\n<td width=\"71\">6,84 s<\/td>\n<td width=\"75\">Halle<\/td>\n<td align=\"right\" width=\"61\">17.09.1994<\/td>\n<\/tr>\n<tr>\n<td width=\"76\" height=\"68\">75 m<\/td>\n<td width=\"86\">K\u00f6ppe, Jonas<\/td>\n<td width=\"71\">10,38 s<\/td>\n<td width=\"75\">Quedlinburg<\/td>\n<td align=\"right\" width=\"61\">17.09.2017<\/td>\n<\/tr>\n<tr>\n<td width=\"76\" height=\"68\">4x 75 m<\/td>\n<td width=\"86\">Ahrens, Haymann, Mrozinski, Pietsch<\/td>\n<td width=\"71\">42,07 s<\/td>\n<td width=\"75\">Halle<\/td>\n<td align=\"right\" width=\"61\">20.05.2000<\/td>\n<\/tr>\n<tr>\n<td width=\"76\" height=\"17\">60 m H\u00fcrden<\/td>\n<td width=\"86\">Haymann,M<\/td>\n<td width=\"71\">10,14 s<\/td>\n<td width=\"75\">Magdeburg<\/td>\n<td align=\"right\" width=\"61\">24.06.2000<\/td>\n<\/tr>\n<tr>\n<td width=\"76\" height=\"17\">800m<\/td>\n<td width=\"86\">K\u00f6ppe, Jonas<\/td>\n<td width=\"71\">2:22,55 min<\/td>\n<td width=\"75\">Haldensleben<\/td>\n<td align=\"right\" width=\"61\">10.06.2017<\/td>\n<\/tr>\n<tr>\n<td width=\"76\" height=\"17\">1000 m<\/td>\n<td width=\"86\">Sch\u00f6ppe,P<\/td>\n<td width=\"71\">3:17,6 min<\/td>\n<td width=\"75\">Naumburg<\/td>\n<td align=\"right\" width=\"61\">08.06.1996<\/td>\n<\/tr>\n<tr>\n<td width=\"76\" height=\"51\">3&#215;1000 m<\/td>\n<td width=\"86\">Siegmann, Schr\u00f6der, Sch\u00f6ppe<\/td>\n<td width=\"71\">11:07,22 min<\/td>\n<td width=\"75\">Naumburg<\/td>\n<td align=\"right\" width=\"61\">07.09.1996<\/td>\n<\/tr>\n<tr>\n<td width=\"76\" height=\"17\">2000 m<\/td>\n<td width=\"86\">K\u00f6ppe, Jonas<\/td>\n<td width=\"71\">6:54,14 min<\/td>\n<td width=\"75\">Haldensleben<\/td>\n<td align=\"right\" width=\"61\">11.06.2017<\/td>\n<\/tr>\n<tr>\n<td width=\"76\" height=\"17\">10km Strasse<\/td>\n<td width=\"86\">Erbert,M<\/td>\n<td width=\"71\">43:48 min<\/td>\n<td width=\"75\">L\u00fcbbenau<\/td>\n<td align=\"right\" width=\"61\">17.04.2004<\/td>\n<\/tr>\n<tr>\n<td width=\"76\" height=\"17\">Ball<\/td>\n<td width=\"86\">Kaiser, Sandro<\/td>\n<td width=\"71\">55,03 m<\/td>\n<td width=\"75\">Leuna<\/td>\n<td align=\"right\" width=\"61\">03.06.2017<\/td>\n<\/tr>\n<tr>\n<td width=\"76\" height=\"17\">Diskus<\/td>\n<td width=\"86\">Mrozinski,P<\/td>\n<td width=\"71\">48,12 m<\/td>\n<td width=\"75\">Eisleben<\/td>\n<td align=\"right\" width=\"61\">24.09.2000<\/td>\n<\/tr>\n<tr>\n<td width=\"76\" height=\"34\">Hammer<\/td>\n<td width=\"86\">Bierende, Leon<\/td>\n<td width=\"71\">51,40&nbsp;m<\/td>\n<td width=\"75\">Halle<\/td>\n<td align=\"right\" width=\"61\">16.04.2016<\/td>\n<\/tr>\n<tr>\n<td width=\"76\" height=\"17\">Hoch<\/td>\n<td width=\"86\">Haymann,M<\/td>\n<td width=\"71\">1,50 m<\/td>\n<td width=\"75\">Eisleben<\/td>\n<td align=\"right\" width=\"61\">24.09.2000<\/td>\n<\/tr>\n<tr>\n<td width=\"76\" height=\"17\">Kugel<\/td>\n<td width=\"86\">Bierende, Leon<\/td>\n<td width=\"71\">14,11&nbsp;m<\/td>\n<td width=\"75\">Leuna<\/td>\n<td align=\"right\" width=\"61\">10.09.2016<\/td>\n<\/tr>\n<tr>\n<td width=\"76\" height=\"17\">Speer<\/td>\n<td width=\"86\">R\u00f6thling, Paulo<\/td>\n<td width=\"71\">40,54 m<\/td>\n<td width=\"75\">Dessau-Ro\u00dflau Markkleeberg<\/td>\n<td align=\"right\" width=\"61\">18.07.2021&nbsp; &nbsp; 18.09.2021<\/td>\n<\/tr>\n<tr>\n<td width=\"76\" height=\"34\">Stabhochsprung<\/td>\n<td width=\"86\">Lipinski,A<\/td>\n<td width=\"71\">1,90 m<\/td>\n<td width=\"75\">Eisleben<\/td>\n<td align=\"right\" width=\"61\">08.10.1994<\/td>\n<\/tr>\n<tr>\n<td width=\"76\" height=\"17\">Weit<\/td>\n<td width=\"86\">Mrozinski,P<\/td>\n<td width=\"71\">4,88 m<\/td>\n<td width=\"75\">Naumburg<\/td>\n<td align=\"right\" width=\"61\">28.05.2000<\/td>\n<\/tr>\n<tr>\n<td width=\"76\" height=\"17\">Block MK Sprint\/Sprung<\/td>\n<td width=\"86\">P\u00f6hlitz, Paul<\/td>\n<td width=\"71\">2.206 Pkt.<\/td>\n<td width=\"75\">Halle<\/td>\n<td align=\"right\" width=\"61\">11.05.2014<\/td>\n<\/tr>\n<tr>\n<td width=\"76\" height=\"17\">Block Lauf<\/td>\n<td width=\"86\">Sch\u00f6del, Claudius<\/td>\n<td width=\"71\">1.754 Pkt.<\/td>\n<td width=\"75\">Halle<\/td>\n<td align=\"right\" width=\"61\">11.05.2014<\/td>\n<\/tr>\n<\/tbody>\n<\/table>\n","protected":false},"excerpt":{"rendered":"<p>Disziplin Name Leistung Ort Datum 50 m Helbig,K 6,84 s Halle 17.09.1994 75 m K\u00f6ppe, Jonas 10,38 s Quedlinburg 17.09.2017 4x 75 m Ahrens, Haymann, Mrozinski, Pietsch 42,07 s Halle 20.05.2000 60 m H\u00fcrden Haymann,M 10,14 s Magdeburg 24.06.2000 800m K\u00f6ppe, Jonas 2:22,55 min Haldensleben 10.06.2017 1000 m Sch\u00f6ppe,P 3:17,6 min Naumburg 08.06.1996 3&#215;1000 m [&hellip;]<\/p>\n","protected":false},"author":1,"featured_media":0,"parent":125,"menu_order":0,"comment_status":"open","ping_status":"open","template":"","meta":{"ngg_post_thumbnail":0,"footnotes":""},"class_list":["post-170","page","type-page","status-publish","hentry"],"_links":{"self":[{"href":"https:\/\/www.alexander-winterstein.de\/wurflauf\/wp-json\/wp\/v2\/pages\/170","targetHints":{"allow":["GET"]}}],"collection":[{"href":"https:\/\/www.alexander-winterstein.de\/wurflauf\/wp-json\/wp\/v2\/pages"}],"about":[{"href":"https:\/\/www.alexander-winterstein.de\/wurflauf\/wp-json\/wp\/v2\/types\/page"}],"author":[{"embeddable":true,"href":"https:\/\/www.alexander-winterstein.de\/wurflauf\/wp-json\/wp\/v2\/users\/1"}],"replies":[{"embeddable":true,"href":"https:\/\/www.alexander-winterstein.de\/wurflauf\/wp-json\/wp\/v2\/comments?post=170"}],"version-history":[{"count":0,"href":"https:\/\/www.alexander-winterstein.de\/wurflauf\/wp-json\/wp\/v2\/pages\/170\/revisions"}],"up":[{"embeddable":true,"href":"https:\/\/www.alexander-winterstein.de\/wurflauf\/wp-json\/wp\/v2\/pages\/125"}],"wp:attachment":[{"href":"https:\/\/www.alexander-winterstein.de\/wurflauf\/wp-json\/wp\/v2\/media?parent=170"}],"curies":[{"name":"wp","href":"https:\/\/api.w.org\/{rel}","templated":true}]}}