{"id":186,"date":"2013-09-25T11:14:32","date_gmt":"2013-09-25T09:14:32","guid":{"rendered":"http:\/\/wl-teutschenthal.de\/wordpress\/?page_id=186"},"modified":"2013-09-25T11:14:32","modified_gmt":"2013-09-25T09:14:32","slug":"w14","status":"publish","type":"page","link":"https:\/\/www.alexander-winterstein.de\/wurflauf\/wettkampfe\/vereinsrekorde\/w14\/","title":{"rendered":"W14"},"content":{"rendered":"<table cellspacing=\"0\" cellpadding=\"7\">\n<tbody>\n<tr>\n<td width=\"80\" height=\"21\">\n<h4>DISZ<\/h4>\n<\/td>\n<td width=\"83\">\n<h4>NAME<\/h4>\n<\/td>\n<td width=\"80\">\n<h4>LEISTUNG<\/h4>\n<\/td>\n<td width=\"83\">\n<h4>ORT<\/h4>\n<\/td>\n<td width=\"88\">\n<h4>DATUM<\/h4>\n<\/td>\n<\/tr>\n<tr>\n<td width=\"80\" height=\"21\">75 m<\/td>\n<td width=\"83\">Sch\u00f6del,S<\/td>\n<td width=\"80\">9,70 sec<\/td>\n<td width=\"83\">Magdeburg<\/td>\n<td align=\"right\" width=\"88\">16.06.2005<\/td>\n<\/tr>\n<tr>\n<td width=\"80\" height=\"33\">80 m H\u00fcrden<\/td>\n<td width=\"83\">Wiersbicki,D<\/td>\n<td width=\"80\">13,09s<\/td>\n<td width=\"83\">Sch\u00f6nebeck<\/td>\n<td align=\"right\" width=\"88\">14.06.2008<\/td>\n<\/tr>\n<tr>\n<td width=\"80\" height=\"21\">100 m<\/td>\n<td width=\"83\">Sch\u00f6del,S<\/td>\n<td width=\"80\">12,42s<\/td>\n<td width=\"83\">Dessau<\/td>\n<td align=\"right\" width=\"88\">16.07.2005<\/td>\n<\/tr>\n<tr>\n<td width=\"80\" height=\"21\">200 m<\/td>\n<td width=\"83\">Sch\u00f6del,S<\/td>\n<td width=\"80\">26,82sec<\/td>\n<td width=\"83\">Halle<\/td>\n<td align=\"right\" width=\"88\">01.06.2005<\/td>\n<\/tr>\n<tr>\n<td width=\"80\" height=\"21\">300 m<\/td>\n<td width=\"83\">Heinrich,M<\/td>\n<td width=\"80\">44,69 s<\/td>\n<td width=\"83\">Stendal<\/td>\n<td align=\"right\" width=\"88\">22.05.2004<\/td>\n<\/tr>\n<tr>\n<td width=\"80\" height=\"33\">300m H\u00fcrden<\/td>\n<td width=\"83\">Heinrich,M<\/td>\n<td width=\"80\">50,98 s<\/td>\n<td width=\"83\">Stendal<\/td>\n<td align=\"right\" width=\"88\">21.05.2004<\/td>\n<\/tr>\n<tr>\n<td width=\"80\" height=\"33\">800 m<\/td>\n<td width=\"83\">Heinrich,M<\/td>\n<td width=\"80\">2:25,94 min<\/td>\n<td width=\"83\">Dessau<\/td>\n<td align=\"right\" width=\"88\">12.06.2004<\/td>\n<\/tr>\n<tr>\n<td width=\"80\" height=\"33\">2000 m<\/td>\n<td width=\"83\">Heinrich,M<\/td>\n<td width=\"80\">7:00,14 min<\/td>\n<td width=\"83\">Dessau<\/td>\n<td align=\"right\" width=\"88\">13.06.2004<\/td>\n<\/tr>\n<tr>\n<td width=\"80\" height=\"21\">7-Kampf<\/td>\n<td width=\"83\">Wiersbicki,D<\/td>\n<td width=\"80\">3122 Pkt<\/td>\n<td width=\"83\">Stendal<\/td>\n<td width=\"88\">3.\/4.05.2008<\/td>\n<\/tr>\n<tr>\n<td width=\"80\" height=\"21\">Ball<\/td>\n<td width=\"83\">Wendt,F<\/td>\n<td width=\"80\">41,57 m<\/td>\n<td width=\"83\">Halle<\/td>\n<td align=\"right\" width=\"88\">01.06.2002<\/td>\n<\/tr>\n<tr>\n<td width=\"80\" height=\"21\">Block\/Lauf<\/td>\n<td width=\"83\">Heinrich,M<\/td>\n<td width=\"80\">2.364 Pkt<\/td>\n<td width=\"83\">Sch\u00f6nebeck<\/td>\n<td align=\"right\" width=\"88\">05.06.2004<\/td>\n<\/tr>\n<tr>\n<td width=\"80\" height=\"21\">Block\/Wurf<\/td>\n<td width=\"83\">Wiersbicki,D<\/td>\n<td width=\"80\">2329 Pkt.<\/td>\n<td width=\"83\">Sch\u00f6nebeck<\/td>\n<td align=\"right\" width=\"88\">14.06.2008<\/td>\n<\/tr>\n<tr>\n<td width=\"80\" height=\"21\">Diskus<\/td>\n<td width=\"83\">Birke,S<\/td>\n<td width=\"80\">38,42 m<\/td>\n<td width=\"83\">Halle<\/td>\n<td align=\"right\" width=\"88\">23.08.1996<\/td>\n<\/tr>\n<tr>\n<td width=\"80\" height=\"33\">Hammer<\/td>\n<td width=\"83\">Apel,V<\/td>\n<td width=\"80\">47,91 m (LR)<\/td>\n<td width=\"83\">Dessau<\/td>\n<td align=\"right\" width=\"88\">14.07.2007<\/td>\n<\/tr>\n<tr>\n<td width=\"80\" height=\"21\">Hoch<\/td>\n<td width=\"83\">Wiersbicki,D<\/td>\n<td width=\"80\">1,43 m<\/td>\n<td width=\"83\">Dessau<\/td>\n<td align=\"right\" width=\"88\">29.06.2008<\/td>\n<\/tr>\n<tr>\n<td width=\"80\" height=\"21\">Kugel<\/td>\n<td width=\"83\">Birke,S<\/td>\n<td width=\"80\">12,23 m<\/td>\n<td width=\"83\">Halle<\/td>\n<td align=\"right\" width=\"88\">27.06.1996<\/td>\n<\/tr>\n<tr>\n<td width=\"80\" height=\"21\">Speer<\/td>\n<td width=\"83\">Treff,U<\/td>\n<td width=\"80\">34,02 m<\/td>\n<td width=\"83\">Halle<\/td>\n<td align=\"right\" width=\"88\">19.09.1997<\/td>\n<\/tr>\n<tr>\n<td width=\"80\" height=\"21\">Stabhoch<\/td>\n<td width=\"83\">Heinrich,M<\/td>\n<td width=\"80\">2,20 m<\/td>\n<td width=\"83\">Niesky<\/td>\n<td align=\"right\" width=\"88\">28.08.2004<\/td>\n<\/tr>\n<tr>\n<td width=\"80\" height=\"21\">Vierkampf<\/td>\n<td width=\"83\">Wiersbicki,D<\/td>\n<td width=\"80\">1.784 Pkt<\/td>\n<td width=\"83\">Sch\u00f6nebeck<\/td>\n<td align=\"right\" width=\"88\">26.04.2008<\/td>\n<\/tr>\n<tr>\n<td width=\"80\" height=\"21\">Weit<\/td>\n<td width=\"83\">Arndt, Laura<\/td>\n<td width=\"80\">4,81 m<\/td>\n<td width=\"83\">Merseburg<\/td>\n<td align=\"right\" width=\"88\">23.06.2018<\/td>\n<\/tr>\n<\/tbody>\n<\/table>\n","protected":false},"excerpt":{"rendered":"<p>DISZ NAME LEISTUNG ORT DATUM 75 m Sch\u00f6del,S 9,70 sec Magdeburg 16.06.2005 80 m H\u00fcrden Wiersbicki,D 13,09s Sch\u00f6nebeck 14.06.2008 100 m Sch\u00f6del,S 12,42s Dessau 16.07.2005 200 m Sch\u00f6del,S 26,82sec Halle 01.06.2005 300 m Heinrich,M 44,69 s Stendal 22.05.2004 300m H\u00fcrden Heinrich,M 50,98 s Stendal 21.05.2004 800 m Heinrich,M 2:25,94 min Dessau 12.06.2004 2000 m Heinrich,M [&hellip;]<\/p>\n","protected":false},"author":1,"featured_media":0,"parent":125,"menu_order":0,"comment_status":"open","ping_status":"open","template":"","meta":{"ngg_post_thumbnail":0,"footnotes":""},"class_list":["post-186","page","type-page","status-publish","hentry"],"_links":{"self":[{"href":"https:\/\/www.alexander-winterstein.de\/wurflauf\/wp-json\/wp\/v2\/pages\/186","targetHints":{"allow":["GET"]}}],"collection":[{"href":"https:\/\/www.alexander-winterstein.de\/wurflauf\/wp-json\/wp\/v2\/pages"}],"about":[{"href":"https:\/\/www.alexander-winterstein.de\/wurflauf\/wp-json\/wp\/v2\/types\/page"}],"author":[{"embeddable":true,"href":"https:\/\/www.alexander-winterstein.de\/wurflauf\/wp-json\/wp\/v2\/users\/1"}],"replies":[{"embeddable":true,"href":"https:\/\/www.alexander-winterstein.de\/wurflauf\/wp-json\/wp\/v2\/comments?post=186"}],"version-history":[{"count":0,"href":"https:\/\/www.alexander-winterstein.de\/wurflauf\/wp-json\/wp\/v2\/pages\/186\/revisions"}],"up":[{"embeddable":true,"href":"https:\/\/www.alexander-winterstein.de\/wurflauf\/wp-json\/wp\/v2\/pages\/125"}],"wp:attachment":[{"href":"https:\/\/www.alexander-winterstein.de\/wurflauf\/wp-json\/wp\/v2\/media?parent=186"}],"curies":[{"name":"wp","href":"https:\/\/api.w.org\/{rel}","templated":true}]}}